{"id":5,"date":"2012-10-08T15:51:44","date_gmt":"2012-10-08T15:51:44","guid":{"rendered":"http:\/\/xn--ngleviser-l8a.dk\/?page_id=5"},"modified":"2012-10-08T15:51:44","modified_gmt":"2012-10-08T15:51:44","slug":"nogleviser-digitalt-noglekort","status":"publish","type":"page","link":"http:\/\/www.xn--ngleviser-l8a.dk\/","title":{"rendered":"N\u00f8gleviser &#8211; digitalt n\u00f8glekort"},"content":{"rendered":"<p>N\u00f8gleviser er et digitalt n\u00f8glekort udstedt af NEM-ID. Fordelen ved at bruge og bestille en n\u00f8gleviser er at man slipper for at f\u00e5 tilsendt et pap kort hver gang man har brugt det op.<\/p>\n<p>P\u00e5 den m\u00e5de beh\u00f8ver man aldrig v\u00e6re bange for at l\u00f8be &#8220;t\u00f8r&#8221; hvis man f.eks. rejser ofte &#8211; eller tit skifter hjemmeadresse.<\/p>\n<p>En n\u00f8gleviser koster ca 100-150 kr &#8211; og holder i et par \u00e5r.<\/p>\n","protected":false},"excerpt":{"rendered":"<p>N\u00f8gleviser er et digitalt n\u00f8glekort udstedt af NEM-ID. Fordelen ved at bruge og bestille en n\u00f8gleviser er at man slipper for at f\u00e5 tilsendt et pap kort hver gang man har brugt det op. P\u00e5 den m\u00e5de beh\u00f8ver man aldrig &hellip; <a href=\"http:\/\/www.xn--ngleviser-l8a.dk\/\">L\u00e6s resten <span class=\"meta-nav\">&rarr;<\/span><\/a><\/p>\n","protected":false},"author":1,"featured_media":0,"parent":0,"menu_order":0,"comment_status":"open","ping_status":"open","template":"","meta":[],"_links":{"self":[{"href":"http:\/\/www.xn--ngleviser-l8a.dk\/index.php?rest_route=\/wp\/v2\/pages\/5"}],"collection":[{"href":"http:\/\/www.xn--ngleviser-l8a.dk\/index.php?rest_route=\/wp\/v2\/pages"}],"about":[{"href":"http:\/\/www.xn--ngleviser-l8a.dk\/index.php?rest_route=\/wp\/v2\/types\/page"}],"author":[{"embeddable":true,"href":"http:\/\/www.xn--ngleviser-l8a.dk\/index.php?rest_route=\/wp\/v2\/users\/1"}],"replies":[{"embeddable":true,"href":"http:\/\/www.xn--ngleviser-l8a.dk\/index.php?rest_route=%2Fwp%2Fv2%2Fcomments&post=5"}],"version-history":[{"count":1,"href":"http:\/\/www.xn--ngleviser-l8a.dk\/index.php?rest_route=\/wp\/v2\/pages\/5\/revisions"}],"predecessor-version":[{"id":6,"href":"http:\/\/www.xn--ngleviser-l8a.dk\/index.php?rest_route=\/wp\/v2\/pages\/5\/revisions\/6"}],"wp:attachment":[{"href":"http:\/\/www.xn--ngleviser-l8a.dk\/index.php?rest_route=%2Fwp%2Fv2%2Fmedia&parent=5"}],"curies":[{"name":"wp","href":"https:\/\/api.w.org\/{rel}","templated":true}]}}